{"id":939,"date":"2022-05-24T17:13:48","date_gmt":"2022-05-24T14:13:48","guid":{"rendered":"https:\/\/iitee.org\/?page_id=939"},"modified":"2022-11-29T21:34:22","modified_gmt":"2022-11-29T18:34:22","slug":"cocreaid-amaci","status":"publish","type":"page","link":"https:\/\/iitee.org\/?page_id=939","title":{"rendered":"CoCreAid amac\u0131"},"content":{"rendered":"<p>Avrupa Komisyonu taraf\u0131ndan finanse edilen \u201cCoCreAid Kit 4.0\u201d projesinin (CoCreAid) amac\u0131, dijital y\u00f6ntemler arac\u0131l\u0131\u011f\u0131yla y\u00fcksek \u00f6\u011fretim kurumlar\u0131 ve sivil toplum kurulu\u015flar\u0131 (STK) aras\u0131ndaki birlikte yarat\u0131m projeleri i\u00e7in kullan\u0131m\u0131 kolay ve b\u00f6ylelikle bu t\u00fcr projelerin ba\u015far\u0131s\u0131na katk\u0131da bulunan bir dijital platform olu\u015fturmakt\u0131r. Ayr\u0131ca bu proje \u00f6zellikle k\u0131rsal alanlardaki birlikte yarat\u0131m projelerini te\u015fvik etmek amac\u0131ndad\u0131r.<\/p>\n","protected":false},"excerpt":{"rendered":"<p>Avrupa Komisyonu taraf\u0131ndan finanse edilen \u201cCoCreAid Kit 4.0\u201d projesinin (CoCreAid) amac\u0131, dijital y\u00f6ntemler arac\u0131l\u0131\u011f\u0131yla y\u00fcksek \u00f6\u011fretim kurumlar\u0131 ve sivil toplum<\/p>\n","protected":false},"author":1,"featured_media":0,"parent":0,"menu_order":0,"comment_status":"closed","ping_status":"closed","template":"","meta":{"footnotes":""},"class_list":["post-939","page","type-page","status-publish","hentry"],"_links":{"self":[{"href":"https:\/\/iitee.org\/index.php?rest_route=\/wp\/v2\/pages\/939","targetHints":{"allow":["GET"]}}],"collection":[{"href":"https:\/\/iitee.org\/index.php?rest_route=\/wp\/v2\/pages"}],"about":[{"href":"https:\/\/iitee.org\/index.php?rest_route=\/wp\/v2\/types\/page"}],"author":[{"embeddable":true,"href":"https:\/\/iitee.org\/index.php?rest_route=\/wp\/v2\/users\/1"}],"replies":[{"embeddable":true,"href":"https:\/\/iitee.org\/index.php?rest_route=%2Fwp%2Fv2%2Fcomments&post=939"}],"version-history":[{"count":3,"href":"https:\/\/iitee.org\/index.php?rest_route=\/wp\/v2\/pages\/939\/revisions"}],"predecessor-version":[{"id":989,"href":"https:\/\/iitee.org\/index.php?rest_route=\/wp\/v2\/pages\/939\/revisions\/989"}],"wp:attachment":[{"href":"https:\/\/iitee.org\/index.php?rest_route=%2Fwp%2Fv2%2Fmedia&parent=939"}],"curies":[{"name":"wp","href":"https:\/\/api.w.org\/{rel}","templated":true}]}}