{"id":914,"date":"2022-05-24T16:51:02","date_gmt":"2022-05-24T13:51:02","guid":{"rendered":"https:\/\/iitee.org\/?page_id=914"},"modified":"2022-05-24T16:53:10","modified_gmt":"2022-05-24T13:53:10","slug":"hiit-amaci","status":"publish","type":"page","link":"https:\/\/iitee.org\/?page_id=914","title":{"rendered":"HIIT Amac\u0131"},"content":{"rendered":"<p>&nbsp;<\/p>\n<p>HIIT&#8217;in temel amac\u0131, HE STEM \u00f6\u011fretmenlerini \u00d6\u011fretim Teknolojisinin ilkelerini ve yap\u0131lar\u0131n\u0131 anlamak i\u00e7in gereken \u00f6z-yeterlik, yeterlilikler ve becerilerle donatmak ve kapan\u0131\u015f\u0131n etkisini azaltmak ile \u00f6\u011frenme f\u0131rsatlar\u0131n\u0131n kapsay\u0131c\u0131 do\u011fas\u0131n\u0131 korumak i\u00e7in bunlardan h\u0131zla yararlanmakt\u0131r. HIIT \u00e7er\u00e7evesi, HE STEM \u00f6\u011fretmenlerinin konuya \u00f6zel \u00f6\u011fretme ve \u00f6\u011frenmede sistematik bir \u015fekilde \u00f6\u011frenme teknolojilerinden ve dijital ara\u00e7lardan maksimum d\u00fczeyde nas\u0131l yararlanacaklar\u0131n\u0131 anlamalar\u0131n\u0131 sa\u011flar. Dijital e\u011fitime haz\u0131r olma durumunu geli\u015ftirecek ve \u00f6\u011fretim teknolojisi ilkelerini \u00f6\u011fretimleri boyunca yatay olarak uygulamalar\u0131na ve \u00f6\u011frenme hedeflerine ula\u015fabilmeleri i\u00e7in do\u011fru ba\u011flam i\u00e7in do\u011fru teknolojiyi veya arac\u0131 se\u00e7melerine yard\u0131mc\u0131 olacakt\u0131r.<\/p>\n","protected":false},"excerpt":{"rendered":"<p>&nbsp; HIIT&#8217;in temel amac\u0131, HE STEM \u00f6\u011fretmenlerini \u00d6\u011fretim Teknolojisinin ilkelerini ve yap\u0131lar\u0131n\u0131 anlamak i\u00e7in gereken \u00f6z-yeterlik, yeterlilikler ve becerilerle donatmak<\/p>\n","protected":false},"author":1,"featured_media":0,"parent":0,"menu_order":0,"comment_status":"closed","ping_status":"closed","template":"","meta":{"footnotes":""},"class_list":["post-914","page","type-page","status-publish","hentry"],"_links":{"self":[{"href":"https:\/\/iitee.org\/index.php?rest_route=\/wp\/v2\/pages\/914","targetHints":{"allow":["GET"]}}],"collection":[{"href":"https:\/\/iitee.org\/index.php?rest_route=\/wp\/v2\/pages"}],"about":[{"href":"https:\/\/iitee.org\/index.php?rest_route=\/wp\/v2\/types\/page"}],"author":[{"embeddable":true,"href":"https:\/\/iitee.org\/index.php?rest_route=\/wp\/v2\/users\/1"}],"replies":[{"embeddable":true,"href":"https:\/\/iitee.org\/index.php?rest_route=%2Fwp%2Fv2%2Fcomments&post=914"}],"version-history":[{"count":3,"href":"https:\/\/iitee.org\/index.php?rest_route=\/wp\/v2\/pages\/914\/revisions"}],"predecessor-version":[{"id":935,"href":"https:\/\/iitee.org\/index.php?rest_route=\/wp\/v2\/pages\/914\/revisions\/935"}],"wp:attachment":[{"href":"https:\/\/iitee.org\/index.php?rest_route=%2Fwp%2Fv2%2Fmedia&parent=914"}],"curies":[{"name":"wp","href":"https:\/\/api.w.org\/{rel}","templated":true}]}}