{"id":702,"date":"2021-03-12T11:18:57","date_gmt":"2021-03-12T08:18:57","guid":{"rendered":"http:\/\/iitee.org\/?page_id=702"},"modified":"2021-03-12T11:18:57","modified_gmt":"2021-03-12T08:18:57","slug":"techster-projesini-destekleyenler","status":"publish","type":"page","link":"https:\/\/iitee.org\/?page_id=702","title":{"rendered":"Techster Projesini Destekleyenler"},"content":{"rendered":"\n<div class=\"wp-block-image\"><figure class=\"aligncenter size-large is-resized\"><img loading=\"lazy\" decoding=\"async\" src=\"https:\/\/iitee.org\/wp-content\/uploads\/2020\/04\/ege-1024x1024.png\" alt=\"\" class=\"wp-image-508\" width=\"165\" height=\"165\" srcset=\"https:\/\/iitee.org\/wp-content\/uploads\/2020\/04\/ege-1024x1024.png 1024w, https:\/\/iitee.org\/wp-content\/uploads\/2020\/04\/ege-300x300.png 300w, https:\/\/iitee.org\/wp-content\/uploads\/2020\/04\/ege-150x150.png 150w, https:\/\/iitee.org\/wp-content\/uploads\/2020\/04\/ege-768x768.png 768w, https:\/\/iitee.org\/wp-content\/uploads\/2020\/04\/ege.png 1200w\" sizes=\"auto, (max-width: 165px) 100vw, 165px\" \/><figcaption>Ege \u00dcniversitesi<\/figcaption><\/figure><\/div>\n\n\n\n<div class=\"wp-block-image\"><figure class=\"aligncenter size-large is-resized\"><img decoding=\"async\" src=\"https:\/\/iitee.org\/wp-content\/uploads\/2021\/03\/CoventryUniversity-Logo-landscape.png\" alt=\"\" class=\"wp-image-703\" width=\"200\" srcset=\"https:\/\/iitee.org\/wp-content\/uploads\/2021\/03\/CoventryUniversity-Logo-landscape.png 923w, https:\/\/iitee.org\/wp-content\/uploads\/2021\/03\/CoventryUniversity-Logo-landscape-300x84.png 300w, https:\/\/iitee.org\/wp-content\/uploads\/2021\/03\/CoventryUniversity-Logo-landscape-768x215.png 768w\" sizes=\"(max-width: 923px) 100vw, 923px\" \/><figcaption>Coventry University<\/figcaption><\/figure><\/div>\n\n\n\n<div class=\"wp-block-image\"><figure class=\"aligncenter size-large is-resized\"><img decoding=\"async\" src=\"https:\/\/iitee.org\/wp-content\/uploads\/2021\/03\/emphasys-logo.png\" alt=\"\" class=\"wp-image-704\" width=\"200\" srcset=\"https:\/\/iitee.org\/wp-content\/uploads\/2021\/03\/emphasys-logo.png 967w, https:\/\/iitee.org\/wp-content\/uploads\/2021\/03\/emphasys-logo-300x100.png 300w, https:\/\/iitee.org\/wp-content\/uploads\/2021\/03\/emphasys-logo-768x256.png 768w\" sizes=\"(max-width: 967px) 100vw, 967px\" \/><figcaption>A &amp; A Emphasys Interactive Solutions Ltd<\/figcaption><\/figure><\/div>\n\n\n\n<div class=\"wp-block-image\"><figure class=\"aligncenter size-large is-resized\"><img decoding=\"async\" src=\"https:\/\/iitee.org\/wp-content\/uploads\/2021\/03\/Inqubator-Logo-Web-1024x254.png\" alt=\"\" class=\"wp-image-705\" width=\"200\" srcset=\"https:\/\/iitee.org\/wp-content\/uploads\/2021\/03\/Inqubator-Logo-Web-1024x254.png 1024w, https:\/\/iitee.org\/wp-content\/uploads\/2021\/03\/Inqubator-Logo-Web-300x74.png 300w, https:\/\/iitee.org\/wp-content\/uploads\/2021\/03\/Inqubator-Logo-Web-768x190.png 768w, https:\/\/iitee.org\/wp-content\/uploads\/2021\/03\/Inqubator-Logo-Web.png 1121w\" sizes=\"(max-width: 1024px) 100vw, 1024px\" \/><figcaption>Stichting Incubator<\/figcaption><\/figure><\/div>\n\n\n\n<div class=\"wp-block-image\"><figure class=\"aligncenter size-large is-resized\"><img decoding=\"async\" src=\"https:\/\/iitee.org\/wp-content\/uploads\/2021\/03\/lodz-\u00fcniversitesi.jpg\" alt=\"\" class=\"wp-image-706\" width=\"200\" srcset=\"https:\/\/iitee.org\/wp-content\/uploads\/2021\/03\/lodz-\u00fcniversitesi.jpg 768w, https:\/\/iitee.org\/wp-content\/uploads\/2021\/03\/lodz-\u00fcniversitesi-300x148.jpg 300w\" sizes=\"(max-width: 768px) 100vw, 768px\" \/><figcaption>Un\u0131wersytet Lodzk\u0131<\/figcaption><\/figure><\/div>\n\n\n\n<div class=\"wp-block-image\"><figure class=\"aligncenter size-large is-resized\"><img decoding=\"async\" src=\"https:\/\/iitee.org\/wp-content\/uploads\/2021\/03\/not-logo.png\" alt=\"\" class=\"wp-image-707\" width=\"200\" srcset=\"https:\/\/iitee.org\/wp-content\/uploads\/2021\/03\/not-logo.png 767w, https:\/\/iitee.org\/wp-content\/uploads\/2021\/03\/not-logo-300x157.png 300w, https:\/\/iitee.org\/wp-content\/uploads\/2021\/03\/not-logo-390x205.png 390w\" sizes=\"(max-width: 767px) 100vw, 767px\" \/><figcaption>Federat\u0131on Of Assoc\u0131at\u0131ons Of Sc\u0131ent\u0131f\u0131cally Techn\u0131cal Notes Counc\u0131l Of The Zachodn\u0131opomorsk\u0131 Reg\u0131on In Szczec\u0131n<\/figcaption><\/figure><\/div>\n\n\n\n<div class=\"wp-block-image\"><figure class=\"aligncenter size-large is-resized\"><img decoding=\"async\" src=\"https:\/\/iitee.org\/wp-content\/uploads\/2021\/03\/P_Laptify2-041-1024x692.png\" alt=\"\" class=\"wp-image-708\" width=\"200\" srcset=\"https:\/\/iitee.org\/wp-content\/uploads\/2021\/03\/P_Laptify2-041-1024x692.png 1024w, https:\/\/iitee.org\/wp-content\/uploads\/2021\/03\/P_Laptify2-041-300x203.png 300w, https:\/\/iitee.org\/wp-content\/uploads\/2021\/03\/P_Laptify2-041-768x519.png 768w, https:\/\/iitee.org\/wp-content\/uploads\/2021\/03\/P_Laptify2-041-1536x1038.png 1536w, https:\/\/iitee.org\/wp-content\/uploads\/2021\/03\/P_Laptify2-041-2048x1384.png 2048w\" sizes=\"(max-width: 1024px) 100vw, 1024px\" \/><figcaption>Laptify B.V.<\/figcaption><\/figure><\/div>\n","protected":false},"excerpt":{"rendered":"","protected":false},"author":1,"featured_media":0,"parent":0,"menu_order":0,"comment_status":"closed","ping_status":"closed","template":"","meta":{"footnotes":""},"class_list":["post-702","page","type-page","status-publish","hentry"],"_links":{"self":[{"href":"https:\/\/iitee.org\/index.php?rest_route=\/wp\/v2\/pages\/702","targetHints":{"allow":["GET"]}}],"collection":[{"href":"https:\/\/iitee.org\/index.php?rest_route=\/wp\/v2\/pages"}],"about":[{"href":"https:\/\/iitee.org\/index.php?rest_route=\/wp\/v2\/types\/page"}],"author":[{"embeddable":true,"href":"https:\/\/iitee.org\/index.php?rest_route=\/wp\/v2\/users\/1"}],"replies":[{"embeddable":true,"href":"https:\/\/iitee.org\/index.php?rest_route=%2Fwp%2Fv2%2Fcomments&post=702"}],"version-history":[{"count":1,"href":"https:\/\/iitee.org\/index.php?rest_route=\/wp\/v2\/pages\/702\/revisions"}],"predecessor-version":[{"id":709,"href":"https:\/\/iitee.org\/index.php?rest_route=\/wp\/v2\/pages\/702\/revisions\/709"}],"wp:attachment":[{"href":"https:\/\/iitee.org\/index.php?rest_route=%2Fwp%2Fv2%2Fmedia&parent=702"}],"curies":[{"name":"wp","href":"https:\/\/api.w.org\/{rel}","templated":true}]}}