{"id":698,"date":"2021-03-12T11:12:30","date_gmt":"2021-03-12T08:12:30","guid":{"rendered":"http:\/\/iitee.org\/?page_id=698"},"modified":"2021-03-12T11:12:31","modified_gmt":"2021-03-12T08:12:31","slug":"techster-proje-takimi","status":"publish","type":"page","link":"https:\/\/iitee.org\/?page_id=698","title":{"rendered":"Techster Proje Tak\u0131m\u0131"},"content":{"rendered":"\n<div class=\"wp-block-image\"><figure class=\"aligncenter size-large\"><img loading=\"lazy\" decoding=\"async\" width=\"100\" height=\"100\" src=\"https:\/\/iitee.org\/wp-content\/uploads\/2020\/04\/fs.jpg\" alt=\"\" class=\"wp-image-521\"\/><figcaption>F\u0131rat Sarsar<\/figcaption><\/figure><\/div>\n\n\n\n<div class=\"wp-block-image\"><figure class=\"aligncenter size-large is-resized\"><img decoding=\"async\" src=\"https:\/\/iitee.org\/wp-content\/uploads\/2020\/04\/ozgehoca.jpg\" alt=\"\" class=\"wp-image-522\" width=\"100\"\/><figcaption> \u00d6zge Andi\u00e7 \u00c7ak\u0131r <\/figcaption><\/figure><\/div>\n\n\n\n<div class=\"wp-block-image\"><figure class=\"aligncenter size-large is-resized\"><img decoding=\"async\" src=\"https:\/\/iitee.org\/wp-content\/uploads\/2021\/03\/aresim1.jpg\" alt=\"\" class=\"wp-image-700\" width=\"100\"\/><figcaption>Aysun Demird\u00f6\u011fen<\/figcaption><\/figure><\/div>\n","protected":false},"excerpt":{"rendered":"","protected":false},"author":1,"featured_media":0,"parent":0,"menu_order":0,"comment_status":"closed","ping_status":"closed","template":"","meta":{"footnotes":""},"class_list":["post-698","page","type-page","status-publish","hentry"],"_links":{"self":[{"href":"https:\/\/iitee.org\/index.php?rest_route=\/wp\/v2\/pages\/698","targetHints":{"allow":["GET"]}}],"collection":[{"href":"https:\/\/iitee.org\/index.php?rest_route=\/wp\/v2\/pages"}],"about":[{"href":"https:\/\/iitee.org\/index.php?rest_route=\/wp\/v2\/types\/page"}],"author":[{"embeddable":true,"href":"https:\/\/iitee.org\/index.php?rest_route=\/wp\/v2\/users\/1"}],"replies":[{"embeddable":true,"href":"https:\/\/iitee.org\/index.php?rest_route=%2Fwp%2Fv2%2Fcomments&post=698"}],"version-history":[{"count":1,"href":"https:\/\/iitee.org\/index.php?rest_route=\/wp\/v2\/pages\/698\/revisions"}],"predecessor-version":[{"id":701,"href":"https:\/\/iitee.org\/index.php?rest_route=\/wp\/v2\/pages\/698\/revisions\/701"}],"wp:attachment":[{"href":"https:\/\/iitee.org\/index.php?rest_route=%2Fwp%2Fv2%2Fmedia&parent=698"}],"curies":[{"name":"wp","href":"https:\/\/api.w.org\/{rel}","templated":true}]}}