{"id":499,"date":"2020-04-29T20:57:23","date_gmt":"2020-04-29T17:57:23","guid":{"rendered":"http:\/\/iitee.org\/?page_id=499"},"modified":"2020-04-29T20:57:23","modified_gmt":"2020-04-29T17:57:23","slug":"c-evil-amaci","status":"publish","type":"page","link":"https:\/\/iitee.org\/?page_id=499","title":{"rendered":"C-EVIL Amac\u0131"},"content":{"rendered":"\n<div class=\"wp-block-image\"><figure class=\"aligncenter size-large is-resized\"><img loading=\"lazy\" decoding=\"async\" src=\"https:\/\/iitee.org\/wp-content\/uploads\/2020\/04\/cevil_Transparent-1024x252.png\" alt=\"\" class=\"wp-image-490\" width=\"232\" height=\"56\" srcset=\"https:\/\/iitee.org\/wp-content\/uploads\/2020\/04\/cevil_Transparent-1024x252.png 1024w, https:\/\/iitee.org\/wp-content\/uploads\/2020\/04\/cevil_Transparent-300x74.png 300w, https:\/\/iitee.org\/wp-content\/uploads\/2020\/04\/cevil_Transparent-768x189.png 768w, https:\/\/iitee.org\/wp-content\/uploads\/2020\/04\/cevil_Transparent-1536x378.png 1536w, https:\/\/iitee.org\/wp-content\/uploads\/2020\/04\/cevil_Transparent.png 1608w\" sizes=\"auto, (max-width: 232px) 100vw, 232px\" \/><\/figure><\/div>\n\n\n\n<p> C-EVIL projesi, \u00a0\u015fu an da veya gelecekte elektrikli ara\u00e7larla \u00e7al\u0131\u015facaklar\u0131n, h\u0131zl\u0131 bir \u015fekilde de\u011fi\u015fen end\u00fcstrinin talep etti\u011fi tutum, bilgi ve yetkinliklere sahip olunmas\u0131na katk\u0131 sa\u011flamay\u0131 ama\u00e7lamaktad\u0131r.<\/p>\n","protected":false},"excerpt":{"rendered":"<p>C-EVIL projesi, \u00a0\u015fu an da veya gelecekte elektrikli ara\u00e7larla \u00e7al\u0131\u015facaklar\u0131n, h\u0131zl\u0131 bir \u015fekilde de\u011fi\u015fen end\u00fcstrinin talep etti\u011fi tutum, bilgi ve<\/p>\n","protected":false},"author":1,"featured_media":0,"parent":0,"menu_order":0,"comment_status":"closed","ping_status":"closed","template":"","meta":{"footnotes":""},"class_list":["post-499","page","type-page","status-publish","hentry"],"_links":{"self":[{"href":"https:\/\/iitee.org\/index.php?rest_route=\/wp\/v2\/pages\/499","targetHints":{"allow":["GET"]}}],"collection":[{"href":"https:\/\/iitee.org\/index.php?rest_route=\/wp\/v2\/pages"}],"about":[{"href":"https:\/\/iitee.org\/index.php?rest_route=\/wp\/v2\/types\/page"}],"author":[{"embeddable":true,"href":"https:\/\/iitee.org\/index.php?rest_route=\/wp\/v2\/users\/1"}],"replies":[{"embeddable":true,"href":"https:\/\/iitee.org\/index.php?rest_route=%2Fwp%2Fv2%2Fcomments&post=499"}],"version-history":[{"count":1,"href":"https:\/\/iitee.org\/index.php?rest_route=\/wp\/v2\/pages\/499\/revisions"}],"predecessor-version":[{"id":500,"href":"https:\/\/iitee.org\/index.php?rest_route=\/wp\/v2\/pages\/499\/revisions\/500"}],"wp:attachment":[{"href":"https:\/\/iitee.org\/index.php?rest_route=%2Fwp%2Fv2%2Fmedia&parent=499"}],"curies":[{"name":"wp","href":"https:\/\/api.w.org\/{rel}","templated":true}]}}